{"id":4011,"date":"2024-12-05T18:21:36","date_gmt":"2024-12-05T21:21:36","guid":{"rendered":"https:\/\/fpciclismo.org.br\/?page_id=4011"},"modified":"2024-12-23T13:00:39","modified_gmt":"2024-12-23T16:00:39","slug":"certidoes","status":"publish","type":"page","link":"https:\/\/fpciclismo.org.br\/index.php\/certidoes\/","title":{"rendered":"Certid\u00f5es"},"content":{"rendered":"\t\t<div data-elementor-type=\"wp-page\" data-elementor-id=\"4011\" class=\"elementor elementor-4011\" data-elementor-post-type=\"page\">\n\t\t\t\t\t\t<section class=\"elementor-section elementor-top-section elementor-element elementor-element-9422397 elementor-section-boxed elementor-section-height-default elementor-section-height-default\" data-id=\"9422397\" data-element_type=\"section\" data-settings=\"{&quot;background_background&quot;:&quot;classic&quot;}\">\n\t\t\t\t\t\t\t<div class=\"elementor-background-overlay\"><\/div>\n\t\t\t\t\t\t\t<div class=\"elementor-container elementor-column-gap-extended\">\n\t\t\t\t\t<div class=\"elementor-column elementor-col-100 elementor-top-column elementor-element elementor-element-7e15ce3\" data-id=\"7e15ce3\" data-element_type=\"column\">\n\t\t\t<div class=\"elementor-widget-wrap elementor-element-populated\">\n\t\t\t\t\t\t<div class=\"elementor-element elementor-element-c791a5a elementor-widget elementor-widget-zapedah-title\" data-id=\"c791a5a\" data-element_type=\"widget\" data-widget_type=\"zapedah-title.default\">\n\t\t\t\t<div class=\"elementor-widget-container\">\n\t\t\t\t\t<h2 class=\"content-title\">Certid\u00f5es<span>.<\/span><\/h2>\t\t\t\t<\/div>\n\t\t\t\t<\/div>\n\t\t\t\t\t<\/div>\n\t\t<\/div>\n\t\t\t\t\t<\/div>\n\t\t<\/section>\n\t\t<div class=\"elementor-element elementor-element-68e49fe e-flex e-con-boxed e-con e-parent\" data-id=\"68e49fe\" data-element_type=\"container\">\n\t\t\t\t\t<div class=\"e-con-inner\">\n\t\t\t\t<div class=\"elementor-element elementor-element-cae5da3 elementor-widget elementor-widget-spacer\" data-id=\"cae5da3\" data-element_type=\"widget\" data-widget_type=\"spacer.default\">\n\t\t\t\t<div class=\"elementor-widget-container\">\n\t\t\t\t\t\t\t<div class=\"elementor-spacer\">\n\t\t\t<div class=\"elementor-spacer-inner\"><\/div>\n\t\t<\/div>\n\t\t\t\t\t\t<\/div>\n\t\t\t\t<\/div>\n\t\t\t\t\t<\/div>\n\t\t\t\t<\/div>\n\t\t<div class=\"elementor-element elementor-element-a67d631 e-flex e-con-boxed e-con e-parent\" data-id=\"a67d631\" data-element_type=\"container\">\n\t\t\t\t\t<div class=\"e-con-inner\">\n\t\t<div class=\"elementor-element elementor-element-10b7e9f e-con-full e-flex e-con e-child\" data-id=\"10b7e9f\" data-element_type=\"container\">\n\t\t\t\t<div class=\"elementor-element elementor-element-9859405 elementor-widget elementor-widget-heading\" data-id=\"9859405\" data-element_type=\"widget\" data-widget_type=\"heading.default\">\n\t\t\t\t<div class=\"elementor-widget-container\">\n\t\t\t\t\t<h2 class=\"elementor-heading-title elementor-size-default\">Certid\u00e3o Federal<\/h2>\t\t\t\t<\/div>\n\t\t\t\t<\/div>\n\t\t\t\t<\/div>\n\t\t<div class=\"elementor-element elementor-element-d45200b e-con-full e-flex e-con e-child\" data-id=\"d45200b\" data-element_type=\"container\">\n\t\t\t\t<div class=\"elementor-element elementor-element-fcd92f6 elementor-align-left elementor-widget elementor-widget-button\" data-id=\"fcd92f6\" data-element_type=\"widget\" data-widget_type=\"button.default\">\n\t\t\t\t<div class=\"elementor-widget-container\">\n\t\t\t\t\t\t\t\t\t<div class=\"elementor-button-wrapper\">\n\t\t\t\t\t<a class=\"elementor-button elementor-button-link elementor-size-sm\" href=\"https:\/\/fpciclismo.org.br\/wp-content\/uploads\/2024\/12\/Certidao-Federal.pdf\" target=\"_blank\">\n\t\t\t\t\t\t<span class=\"elementor-button-content-wrapper\">\n\t\t\t\t\t\t\t\t\t<span class=\"elementor-button-text\">Ver Arquivo<\/span>\n\t\t\t\t\t<\/span>\n\t\t\t\t\t<\/a>\n\t\t\t\t<\/div>\n\t\t\t\t\t\t\t\t<\/div>\n\t\t\t\t<\/div>\n\t\t\t\t<\/div>\n\t\t<div class=\"elementor-element elementor-element-3c70522 e-con-full e-flex e-con e-child\" data-id=\"3c70522\" data-element_type=\"container\">\n\t\t\t\t<div class=\"elementor-element elementor-element-0ca3739 elementor-widget elementor-widget-heading\" data-id=\"0ca3739\" data-element_type=\"widget\" data-widget_type=\"heading.default\">\n\t\t\t\t<div class=\"elementor-widget-container\">\n\t\t\t\t\t<h2 class=\"elementor-heading-title elementor-size-default\">Certid\u00e3o Trabalhista<\/h2>\t\t\t\t<\/div>\n\t\t\t\t<\/div>\n\t\t\t\t<\/div>\n\t\t<div class=\"elementor-element elementor-element-0e14a67 e-con-full e-flex e-con e-child\" data-id=\"0e14a67\" data-element_type=\"container\">\n\t\t\t\t<div class=\"elementor-element elementor-element-13815e2 elementor-align-left elementor-widget elementor-widget-button\" data-id=\"13815e2\" data-element_type=\"widget\" data-widget_type=\"button.default\">\n\t\t\t\t<div class=\"elementor-widget-container\">\n\t\t\t\t\t\t\t\t\t<div class=\"elementor-button-wrapper\">\n\t\t\t\t\t<a class=\"elementor-button elementor-button-link elementor-size-sm\" href=\"https:\/\/fpciclismo.org.br\/wp-content\/uploads\/2024\/12\/certidao_trabalhista.pdf\" target=\"_blank\">\n\t\t\t\t\t\t<span class=\"elementor-button-content-wrapper\">\n\t\t\t\t\t\t\t\t\t<span class=\"elementor-button-text\">Ver Arquivo<\/span>\n\t\t\t\t\t<\/span>\n\t\t\t\t\t<\/a>\n\t\t\t\t<\/div>\n\t\t\t\t\t\t\t\t<\/div>\n\t\t\t\t<\/div>\n\t\t\t\t<\/div>\n\t\t\t\t\t<\/div>\n\t\t\t\t<\/div>\n\t\t<div class=\"elementor-element elementor-element-ecfda32 e-flex e-con-boxed e-con e-parent\" data-id=\"ecfda32\" data-element_type=\"container\">\n\t\t\t\t\t<div class=\"e-con-inner\">\n\t\t<div class=\"elementor-element elementor-element-59400cd e-con-full e-flex e-con e-child\" data-id=\"59400cd\" data-element_type=\"container\">\n\t\t\t\t<div class=\"elementor-element elementor-element-58ace7d elementor-widget elementor-widget-heading\" data-id=\"58ace7d\" data-element_type=\"widget\" data-widget_type=\"heading.default\">\n\t\t\t\t<div class=\"elementor-widget-container\">\n\t\t\t\t\t<h2 class=\"elementor-heading-title elementor-size-default\">CND Negativa Estadual<\/h2>\t\t\t\t<\/div>\n\t\t\t\t<\/div>\n\t\t\t\t<\/div>\n\t\t<div class=\"elementor-element elementor-element-b8e6897 e-con-full e-flex e-con e-child\" data-id=\"b8e6897\" data-element_type=\"container\">\n\t\t\t\t<div class=\"elementor-element elementor-element-7bb4973 elementor-align-left elementor-widget elementor-widget-button\" data-id=\"7bb4973\" data-element_type=\"widget\" data-widget_type=\"button.default\">\n\t\t\t\t<div class=\"elementor-widget-container\">\n\t\t\t\t\t\t\t\t\t<div class=\"elementor-button-wrapper\">\n\t\t\t\t\t<a class=\"elementor-button elementor-button-link elementor-size-sm\" href=\"https:\/\/fpciclismo.org.br\/wp-content\/uploads\/2024\/12\/CND-Negativa-Estadual.pdf\" target=\"_blank\">\n\t\t\t\t\t\t<span class=\"elementor-button-content-wrapper\">\n\t\t\t\t\t\t\t\t\t<span class=\"elementor-button-text\">Ver Arquivo<\/span>\n\t\t\t\t\t<\/span>\n\t\t\t\t\t<\/a>\n\t\t\t\t<\/div>\n\t\t\t\t\t\t\t\t<\/div>\n\t\t\t\t<\/div>\n\t\t\t\t<\/div>\n\t\t<div class=\"elementor-element elementor-element-8df37a9 e-con-full e-flex e-con e-child\" data-id=\"8df37a9\" data-element_type=\"container\">\n\t\t\t\t<div class=\"elementor-element elementor-element-36479f8 elementor-widget elementor-widget-heading\" data-id=\"36479f8\" data-element_type=\"widget\" data-widget_type=\"heading.default\">\n\t\t\t\t<div class=\"elementor-widget-container\">\n\t\t\t\t\t<h2 class=\"elementor-heading-title elementor-size-default\">CNPJ<\/h2>\t\t\t\t<\/div>\n\t\t\t\t<\/div>\n\t\t\t\t<\/div>\n\t\t<div class=\"elementor-element elementor-element-55b8f5d e-con-full e-flex e-con e-child\" data-id=\"55b8f5d\" data-element_type=\"container\">\n\t\t\t\t<div class=\"elementor-element elementor-element-20716c8 elementor-align-left elementor-widget elementor-widget-button\" data-id=\"20716c8\" data-element_type=\"widget\" data-widget_type=\"button.default\">\n\t\t\t\t<div class=\"elementor-widget-container\">\n\t\t\t\t\t\t\t\t\t<div class=\"elementor-button-wrapper\">\n\t\t\t\t\t<a class=\"elementor-button elementor-button-link elementor-size-sm\" href=\"https:\/\/fpciclismo.org.br\/wp-content\/uploads\/2024\/12\/CNPJ.pdf\" target=\"_blank\">\n\t\t\t\t\t\t<span class=\"elementor-button-content-wrapper\">\n\t\t\t\t\t\t\t\t\t<span class=\"elementor-button-text\">Ver Arquivo<\/span>\n\t\t\t\t\t<\/span>\n\t\t\t\t\t<\/a>\n\t\t\t\t<\/div>\n\t\t\t\t\t\t\t\t<\/div>\n\t\t\t\t<\/div>\n\t\t\t\t<\/div>\n\t\t\t\t\t<\/div>\n\t\t\t\t<\/div>\n\t\t<div class=\"elementor-element elementor-element-6a706ba e-flex e-con-boxed e-con e-parent\" data-id=\"6a706ba\" data-element_type=\"container\">\n\t\t\t\t\t<div class=\"e-con-inner\">\n\t\t<div class=\"elementor-element elementor-element-87bc458 e-con-full e-flex e-con e-child\" data-id=\"87bc458\" data-element_type=\"container\">\n\t\t\t\t<div class=\"elementor-element elementor-element-b6e684b elementor-widget elementor-widget-heading\" data-id=\"b6e684b\" data-element_type=\"widget\" data-widget_type=\"heading.default\">\n\t\t\t\t<div class=\"elementor-widget-container\">\n\t\t\t\t\t<h2 class=\"elementor-heading-title elementor-size-default\">Consulta Regularidade CRF<\/h2>\t\t\t\t<\/div>\n\t\t\t\t<\/div>\n\t\t\t\t<\/div>\n\t\t<div class=\"elementor-element elementor-element-38aab21 e-con-full e-flex e-con e-child\" data-id=\"38aab21\" data-element_type=\"container\">\n\t\t\t\t<div class=\"elementor-element elementor-element-2325735 elementor-align-left elementor-widget elementor-widget-button\" data-id=\"2325735\" data-element_type=\"widget\" data-widget_type=\"button.default\">\n\t\t\t\t<div class=\"elementor-widget-container\">\n\t\t\t\t\t\t\t\t\t<div class=\"elementor-button-wrapper\">\n\t\t\t\t\t<a class=\"elementor-button elementor-button-link elementor-size-sm\" href=\"https:\/\/fpciclismo.org.br\/wp-content\/uploads\/2024\/12\/Consulta-Regularidade-CRF.pdf\" target=\"_blank\">\n\t\t\t\t\t\t<span class=\"elementor-button-content-wrapper\">\n\t\t\t\t\t\t\t\t\t<span class=\"elementor-button-text\">Ver Arquivo<\/span>\n\t\t\t\t\t<\/span>\n\t\t\t\t\t<\/a>\n\t\t\t\t<\/div>\n\t\t\t\t\t\t\t\t<\/div>\n\t\t\t\t<\/div>\n\t\t\t\t<\/div>\n\t\t<div class=\"elementor-element elementor-element-1047ea1 e-con-full e-flex e-con e-child\" data-id=\"1047ea1\" data-element_type=\"container\">\n\t\t\t\t<div class=\"elementor-element elementor-element-cf17e7f elementor-widget elementor-widget-heading\" data-id=\"cf17e7f\" data-element_type=\"widget\" data-widget_type=\"heading.default\">\n\t\t\t\t<div class=\"elementor-widget-container\">\n\t\t\t\t\t<h2 class=\"elementor-heading-title elementor-size-default\">Relat\u00f3rio Certid\u00e3o Negativa Municipal<\/h2>\t\t\t\t<\/div>\n\t\t\t\t<\/div>\n\t\t\t\t<\/div>\n\t\t<div class=\"elementor-element elementor-element-c3eb823 e-con-full e-flex e-con e-child\" data-id=\"c3eb823\" data-element_type=\"container\">\n\t\t\t\t<div class=\"elementor-element elementor-element-a485775 elementor-align-left elementor-widget elementor-widget-button\" data-id=\"a485775\" data-element_type=\"widget\" data-widget_type=\"button.default\">\n\t\t\t\t<div class=\"elementor-widget-container\">\n\t\t\t\t\t\t\t\t\t<div class=\"elementor-button-wrapper\">\n\t\t\t\t\t<a class=\"elementor-button elementor-button-link elementor-size-sm\" href=\"https:\/\/fpciclismo.org.br\/wp-content\/uploads\/2024\/12\/Relatorio_Certidao_Negativa_Municipal.pdf\" target=\"_blank\">\n\t\t\t\t\t\t<span class=\"elementor-button-content-wrapper\">\n\t\t\t\t\t\t\t\t\t<span class=\"elementor-button-text\">Ver Arquivo<\/span>\n\t\t\t\t\t<\/span>\n\t\t\t\t\t<\/a>\n\t\t\t\t<\/div>\n\t\t\t\t\t\t\t\t<\/div>\n\t\t\t\t<\/div>\n\t\t\t\t<\/div>\n\t\t\t\t\t<\/div>\n\t\t\t\t<\/div>\n\t\t\t\t<\/div>\n\t\t","protected":false},"excerpt":{"rendered":"<p>Certid\u00f5es. Certid\u00e3o Federal Ver Arquivo Certid\u00e3o Trabalhista Ver Arquivo CND Negativa Estadual Ver Arquivo CNPJ Ver Arquivo Consulta Regularidade CRF Ver Arquivo Relat\u00f3rio Certid\u00e3o Negativa Municipal Ver Arquivo<\/p>\n","protected":false},"author":1,"featured_media":0,"parent":0,"menu_order":0,"comment_status":"closed","ping_status":"closed","template":"blank-builder.php","meta":{"footnotes":""},"class_list":["post-4011","page","type-page","status-publish","hentry"],"_links":{"self":[{"href":"https:\/\/fpciclismo.org.br\/index.php\/wp-json\/wp\/v2\/pages\/4011","targetHints":{"allow":["GET"]}}],"collection":[{"href":"https:\/\/fpciclismo.org.br\/index.php\/wp-json\/wp\/v2\/pages"}],"about":[{"href":"https:\/\/fpciclismo.org.br\/index.php\/wp-json\/wp\/v2\/types\/page"}],"author":[{"embeddable":true,"href":"https:\/\/fpciclismo.org.br\/index.php\/wp-json\/wp\/v2\/users\/1"}],"replies":[{"embeddable":true,"href":"https:\/\/fpciclismo.org.br\/index.php\/wp-json\/wp\/v2\/comments?post=4011"}],"version-history":[{"count":16,"href":"https:\/\/fpciclismo.org.br\/index.php\/wp-json\/wp\/v2\/pages\/4011\/revisions"}],"predecessor-version":[{"id":4604,"href":"https:\/\/fpciclismo.org.br\/index.php\/wp-json\/wp\/v2\/pages\/4011\/revisions\/4604"}],"wp:attachment":[{"href":"https:\/\/fpciclismo.org.br\/index.php\/wp-json\/wp\/v2\/media?parent=4011"}],"curies":[{"name":"wp","href":"https:\/\/api.w.org\/{rel}","templated":true}]}}